{"id":6452,"date":"2026-04-15T18:54:15","date_gmt":"2026-04-15T16:54:15","guid":{"rendered":"https:\/\/kinevo.ee\/?post_type=product&#038;p=6452"},"modified":"2026-04-18T11:26:52","modified_gmt":"2026-04-18T09:26:52","slug":"makramee-jalakett-roosa-kvartsiga-sirelililla","status":"publish","type":"product","link":"https:\/\/kinevo.ee\/en\/product\/makramee-jalakett-roosa-kvartsiga-sirelililla\/","title":{"rendered":"Makramee jalakett roosa kvartsiga &#8211; sirelililla"},"content":{"rendered":"<p>Jalakett on eriline aksessuaar, mis t\u00e4iendab Sinu igap\u00e4evast riietust. See jalakett on valmistatud kvaliteetsest vahatatud pol\u00fcester n\u00f6\u00f6rist, mis tagab vastupidavuse ja pikaajalise kasutamise. Lisaks on messingust p\u00e4rleid ja ripatseid, mis p\u00fcsivad kaua ilusana, kui neid \u00f5igesti hooldada. Hooldusjuhendi leiad <a href=\"https:\/\/kinevo.ee\/hooldus\/\">siit<\/a>. Jalaketti kaunistavad roosa kvartsi kivid.<\/p>\n<p>Jalaketi suurus on reguleeritav. Keti v\u00e4ikseim reguleeritav suurus on umbes 21,5 cm. Kui su jalg on peenem, lisa palun tellimuse kommentaari oma jala umbkaudne \u00fcmberm\u00f5\u00f5t ning kohandan keti pisut v\u00e4iksemaks.<\/p>\n<p>Iga ehe valmib k\u00e4sit\u00f6\u00f6na suure hoole ja armastusega.<\/p>\n","protected":false},"excerpt":{"rendered":"<p>Jalakett on eriline aksessuaar, mis t\u00e4iendab Sinu igap\u00e4evast riietust. See jalakett on valmistatud kvaliteetsest vahatatud pol\u00fcester n\u00f6\u00f6rist, mis tagab vastupidavuse ja pikaajalise kasutamise. Lisaks on messingust p\u00e4rleid ja ripatseid, mis p\u00fcsivad kaua ilusana, kui neid \u00f5igesti hooldada. Hooldusjuhendi leiad siit. Jalaketti kaunistavad roosa kvartsi kivid. Jalaketi suurus on reguleeritav. Keti [&hellip;]<\/p>\n","protected":false},"featured_media":6457,"comment_status":"open","ping_status":"closed","template":"","meta":[],"product_brand":[],"product_cat":[145],"product_tag":[],"class_list":{"0":"post-6452","1":"product","2":"type-product","3":"status-publish","4":"has-post-thumbnail","6":"product_cat-jalaketid","8":"first","9":"instock","10":"shipping-taxable","11":"purchasable","12":"product-type-simple"},"_links":{"self":[{"href":"https:\/\/kinevo.ee\/en\/wp-json\/wp\/v2\/product\/6452","targetHints":{"allow":["GET"]}}],"collection":[{"href":"https:\/\/kinevo.ee\/en\/wp-json\/wp\/v2\/product"}],"about":[{"href":"https:\/\/kinevo.ee\/en\/wp-json\/wp\/v2\/types\/product"}],"replies":[{"embeddable":true,"href":"https:\/\/kinevo.ee\/en\/wp-json\/wp\/v2\/comments?post=6452"}],"wp:featuredmedia":[{"embeddable":true,"href":"https:\/\/kinevo.ee\/en\/wp-json\/wp\/v2\/media\/6457"}],"wp:attachment":[{"href":"https:\/\/kinevo.ee\/en\/wp-json\/wp\/v2\/media?parent=6452"}],"wp:term":[{"taxonomy":"product_brand","embeddable":true,"href":"https:\/\/kinevo.ee\/en\/wp-json\/wp\/v2\/product_brand?post=6452"},{"taxonomy":"product_cat","embeddable":true,"href":"https:\/\/kinevo.ee\/en\/wp-json\/wp\/v2\/product_cat?post=6452"},{"taxonomy":"product_tag","embeddable":true,"href":"https:\/\/kinevo.ee\/en\/wp-json\/wp\/v2\/product_tag?post=6452"}],"curies":[{"name":"wp","href":"https:\/\/api.w.org\/{rel}","templated":true}]}}