{"id":6273,"date":"2025-10-21T14:34:04","date_gmt":"2025-10-21T12:34:04","guid":{"rendered":"https:\/\/kinevo.ee\/?post_type=product&#038;p=6273"},"modified":"2025-10-21T14:37:34","modified_gmt":"2025-10-21T12:37:34","slug":"kinevo-tootuba-8-november-2025","status":"publish","type":"product","link":"https:\/\/kinevo.ee\/en\/product\/kinevo-tootuba-8-november-2025\/","title":{"rendered":"Kinevo t\u00f6\u00f6tuba (8. november 2025)"},"content":{"rendered":"<p><span class=\"im\">T\u00f6\u00f6toas valmistame endale lumehelbekese, inglikese ja p\u00e4rja, mis toovad r\u00f5\u00f5mu nii Sinule kui ka Sinu j\u00f5ulukuusele. Kohapeal saad valida endale sobivad toonid, millest ehteid luua.<\/span><\/p>\n<p><span class=\"im\">T\u00f6\u00f6tuba on hea v\u00f5imalus l\u00fclitada end igap\u00e4evam\u00f5tetest v\u00e4lja, olla hetkes ning nautida toredat seltskonda. Lisaks \u00f5pid uusi teadmisi ning kes teab \u2013 ehk saab sellest Sinu uus hobi!<\/span><\/p>\n<p>Kohtade arv on piiratud, seega soovitan Sul kiirustada, et tagada endale koht selles loomingulises ettev\u00f5tmises. T\u00f6\u00f6toa hind on 50 eurot, kuid varajase linnu pakkumisena saad endale pileti hinnaga 45 eurot, kui registreerid end hiljemalt 15 november!\u00a0 Hind sisaldab k\u00f5iki t\u00f6\u00f6vahendeid, j\u00f5ulujooke ja kergeid sn\u00e4kke. Orienteeruv t\u00f6\u00f6toa kestvus on 2 tundi.<\/p>\n<p>V\u00f5ta s\u00f5branna kaasa ja tule veeda \u00fcks m\u00f5nus j\u00f5uluh\u00f5nguline \u00f5htu Tallinna vanalinnas! Sellep\u00e4rast muretsema ei pea, et Sa ei oska \u2013 juhendan Sind igal sammul! Registreeru juba t\u00e4na, et kindlustada endale koht selles m\u00f5nusas j\u00f5uluehete meisterdamise t\u00f6\u00f6toas!<\/p>\n","protected":false},"excerpt":{"rendered":"<p>Soodushind 45\u20ac kehtib kuni 15. november 2023.<\/p>\n","protected":false},"featured_media":4745,"comment_status":"closed","ping_status":"closed","template":"","meta":[],"product_brand":[],"product_cat":[159],"product_tag":[],"class_list":{"0":"post-6273","1":"product","2":"type-product","3":"status-publish","4":"has-post-thumbnail","6":"product_cat-tootoad","8":"first","9":"instock","10":"sale","11":"virtual","12":"purchasable","13":"product-type-simple"},"_links":{"self":[{"href":"https:\/\/kinevo.ee\/en\/wp-json\/wp\/v2\/product\/6273","targetHints":{"allow":["GET"]}}],"collection":[{"href":"https:\/\/kinevo.ee\/en\/wp-json\/wp\/v2\/product"}],"about":[{"href":"https:\/\/kinevo.ee\/en\/wp-json\/wp\/v2\/types\/product"}],"replies":[{"embeddable":true,"href":"https:\/\/kinevo.ee\/en\/wp-json\/wp\/v2\/comments?post=6273"}],"wp:featuredmedia":[{"embeddable":true,"href":"https:\/\/kinevo.ee\/en\/wp-json\/wp\/v2\/media\/4745"}],"wp:attachment":[{"href":"https:\/\/kinevo.ee\/en\/wp-json\/wp\/v2\/media?parent=6273"}],"wp:term":[{"taxonomy":"product_brand","embeddable":true,"href":"https:\/\/kinevo.ee\/en\/wp-json\/wp\/v2\/product_brand?post=6273"},{"taxonomy":"product_cat","embeddable":true,"href":"https:\/\/kinevo.ee\/en\/wp-json\/wp\/v2\/product_cat?post=6273"},{"taxonomy":"product_tag","embeddable":true,"href":"https:\/\/kinevo.ee\/en\/wp-json\/wp\/v2\/product_tag?post=6273"}],"curies":[{"name":"wp","href":"https:\/\/api.w.org\/{rel}","templated":true}]}}