{"id":5287,"date":"2024-06-10T12:55:12","date_gmt":"2024-06-10T10:55:12","guid":{"rendered":"https:\/\/kinevo.ee\/?post_type=product&#038;p=5287"},"modified":"2025-07-30T09:20:25","modified_gmt":"2025-07-30T07:20:25","slug":"hobesormus-ubud","status":"publish","type":"product","link":"https:\/\/kinevo.ee\/en\/product\/hobesormus-ubud\/","title":{"rendered":"H\u00f5bes\u00f5rmus &#8220;Ubud&#8221;"},"content":{"rendered":"<p>Bali k\u00e4sit\u00f6\u00f6meistrite poolt valminud h\u00f5bes\u00f5rmus Ubud maagilise kuuga.<\/p>\n","protected":false},"excerpt":{"rendered":"<p>Bali k\u00e4sit\u00f6\u00f6meistrite poolt valminud h\u00f5bes\u00f5rmus Ubud maagilise kuuga.<\/p>\n","protected":false},"featured_media":5325,"comment_status":"open","ping_status":"closed","template":"","meta":[],"product_brand":[],"product_cat":[166],"product_tag":[],"class_list":{"0":"post-5287","1":"product","2":"type-product","3":"status-publish","4":"has-post-thumbnail","6":"product_cat-bali-kollektsioon","8":"first","9":"instock","10":"shipping-taxable","11":"purchasable","12":"product-type-variable"},"_links":{"self":[{"href":"https:\/\/kinevo.ee\/en\/wp-json\/wp\/v2\/product\/5287","targetHints":{"allow":["GET"]}}],"collection":[{"href":"https:\/\/kinevo.ee\/en\/wp-json\/wp\/v2\/product"}],"about":[{"href":"https:\/\/kinevo.ee\/en\/wp-json\/wp\/v2\/types\/product"}],"replies":[{"embeddable":true,"href":"https:\/\/kinevo.ee\/en\/wp-json\/wp\/v2\/comments?post=5287"}],"wp:featuredmedia":[{"embeddable":true,"href":"https:\/\/kinevo.ee\/en\/wp-json\/wp\/v2\/media\/5325"}],"wp:attachment":[{"href":"https:\/\/kinevo.ee\/en\/wp-json\/wp\/v2\/media?parent=5287"}],"wp:term":[{"taxonomy":"product_brand","embeddable":true,"href":"https:\/\/kinevo.ee\/en\/wp-json\/wp\/v2\/product_brand?post=5287"},{"taxonomy":"product_cat","embeddable":true,"href":"https:\/\/kinevo.ee\/en\/wp-json\/wp\/v2\/product_cat?post=5287"},{"taxonomy":"product_tag","embeddable":true,"href":"https:\/\/kinevo.ee\/en\/wp-json\/wp\/v2\/product_tag?post=5287"}],"curies":[{"name":"wp","href":"https:\/\/api.w.org\/{rel}","templated":true}]}}