{"id":4143,"date":"2023-03-03T23:05:24","date_gmt":"2023-03-03T20:05:24","guid":{"rendered":"https:\/\/kinevo.ee\/?post_type=product&#038;p=4143"},"modified":"2024-07-03T17:48:03","modified_gmt":"2024-07-03T15:48:03","slug":"makramee-seinaehe-lillehoidja-zara","status":"publish","type":"product","link":"https:\/\/kinevo.ee\/en\/product\/makramee-seinaehe-lillehoidja-zara\/","title":{"rendered":"Makramee seinaehe-lillepotihoidja &#8220;Zara&#8221;"},"content":{"rendered":"<div class=\"flex flex-grow flex-col gap-3\">\n<div class=\"min-h-[20px] flex flex-col items-start gap-4 whitespace-pre-wrap break-words\">\n<div class=\"markdown prose w-full break-words dark:prose-invert light\">\n<p>Makramee lillepotihoidja puidust p\u00e4rlitega, mis lisab Su kodu sisekujundusele maal\u00e4hedast soojust ja looduslikku ilu. See k\u00e4sitsi valmistatud aksessuaar \u00fchendab endas elegantse makramee disaini ja loodusliku puiduelementide v\u00f5lu.<\/p>\n<p>Meie makramee seinalillehoidja on valmistatud kvaliteetsest 100% taaskasutatud puuvillast, mis tagab vastupidavuse ja vastutustundliku valiku. Puidust p\u00e4rlitega kaunistatud detailid lisavad sellele makramee lillehoidjale maal\u00e4hedast ja looduslikku elementi, tuues ruumi soojust ja harmooniat.<\/p>\n<p>Sobib nii v\u00e4iksemale kui ka keskmisele lillepotile (kuni ~45cm). Pikkus: 88cm, laius: 46cm.<\/p>\n<p><span class=\"x4k7w5x x1h91t0o x1h9r5lt x1jfb8zj xv2umb2 x1beo9mf xaigb6o x12ejxvf x3igimt xarpa2k xedcshv x1lytzrv x1t2pt76 x7ja8zs x1qrby5j\">Kuna toode valmistatakse k\u00e4sit\u00f6\u00f6na siis v\u00f5ib laoseisuta toote tarneaeg olla kuni 5 n\u00e4dalat.<\/span> <span class=\"x4k7w5x x1h91t0o x1h9r5lt x1jfb8zj xv2umb2 x1beo9mf xaigb6o x12ejxvf x3igimt xarpa2k xedcshv x1lytzrv x1t2pt76 x7ja8zs x1qrby5j\">T\u00e4psema tarneaja saamiseks palun v\u00f5ta minuga \u00fchendust.<\/span><\/p>\n<\/div>\n<\/div>\n<\/div>\n","protected":false},"excerpt":{"rendered":"<p>Makramee lillepotihoidja puidust p\u00e4rlitega, mis lisab Su kodu sisekujundusele maal\u00e4hedast soojust ja looduslikku ilu. See k\u00e4sitsi valmistatud aksessuaar \u00fchendab endas elegantse makramee disaini ja loodusliku puiduelementide v\u00f5lu. Meie makramee seinalillehoidja on valmistatud kvaliteetsest 100% taaskasutatud puuvillast, mis tagab vastupidavuse ja vastutustundliku valiku. Puidust p\u00e4rlitega kaunistatud detailid lisavad sellele makramee lillehoidjale [&hellip;]<\/p>\n","protected":false},"featured_media":4161,"comment_status":"open","ping_status":"closed","template":"","meta":[],"product_brand":[],"product_cat":[15],"product_tag":[],"class_list":{"0":"post-4143","1":"product","2":"type-product","3":"status-publish","4":"has-post-thumbnail","6":"product_cat-uncategorized","8":"first","9":"onbackorder","10":"shipping-taxable","11":"purchasable","12":"product-type-simple"},"_links":{"self":[{"href":"https:\/\/kinevo.ee\/en\/wp-json\/wp\/v2\/product\/4143","targetHints":{"allow":["GET"]}}],"collection":[{"href":"https:\/\/kinevo.ee\/en\/wp-json\/wp\/v2\/product"}],"about":[{"href":"https:\/\/kinevo.ee\/en\/wp-json\/wp\/v2\/types\/product"}],"replies":[{"embeddable":true,"href":"https:\/\/kinevo.ee\/en\/wp-json\/wp\/v2\/comments?post=4143"}],"wp:featuredmedia":[{"embeddable":true,"href":"https:\/\/kinevo.ee\/en\/wp-json\/wp\/v2\/media\/4161"}],"wp:attachment":[{"href":"https:\/\/kinevo.ee\/en\/wp-json\/wp\/v2\/media?parent=4143"}],"wp:term":[{"taxonomy":"product_brand","embeddable":true,"href":"https:\/\/kinevo.ee\/en\/wp-json\/wp\/v2\/product_brand?post=4143"},{"taxonomy":"product_cat","embeddable":true,"href":"https:\/\/kinevo.ee\/en\/wp-json\/wp\/v2\/product_cat?post=4143"},{"taxonomy":"product_tag","embeddable":true,"href":"https:\/\/kinevo.ee\/en\/wp-json\/wp\/v2\/product_tag?post=4143"}],"curies":[{"name":"wp","href":"https:\/\/api.w.org\/{rel}","templated":true}]}}