{"id":4142,"date":"2023-03-03T22:51:11","date_gmt":"2023-03-03T20:51:11","guid":{"rendered":"https:\/\/kinevo.ee\/?post_type=product&#038;p=4142"},"modified":"2024-07-03T17:48:03","modified_gmt":"2024-07-03T15:48:03","slug":"mommi-motiiviga-makramee-seinaehe","status":"publish","type":"product","link":"https:\/\/kinevo.ee\/en\/product\/mommi-motiiviga-makramee-seinaehe\/","title":{"rendered":"Makramee seinaehe m\u00f5mmi motiiviga"},"content":{"rendered":"<p>M\u00f5mmimotiiviga makramee seinaehe on suurep\u00e4rane lisand igale lastetoale. See lisab ruumile hubasust, loob l\u00f5busa ja kaasahaarava \u00f5hkkonna ning r\u00f5hutab Sinu lapse toa isikup\u00e4ra.<\/p>\n<p>See k\u00e4sitsi valmistatud makramee seinakaunistus on valmistatud 100% taaskasutatud puuvillast, mis r\u00f5hutab meie p\u00fchendumust keskkonnas\u00f5bralikkusele ja j\u00e4tkusuutlikkusele. M\u00f5\u00f5dud: 22 x 21 cm.<\/p>\n<p>Makramee seinaehe on m\u00f5eldud eelk\u00f5ige lastetoa kaunistamiseks ning ei ole m\u00f5eldud m\u00e4ngimiseks.<\/p>\n<p><span class=\"x4k7w5x x1h91t0o x1h9r5lt x1jfb8zj xv2umb2 x1beo9mf xaigb6o x12ejxvf x3igimt xarpa2k xedcshv x1lytzrv x1t2pt76 x7ja8zs x1qrby5j\">Kuna toode valmistatakse k\u00e4sit\u00f6\u00f6na siis v\u00f5ib laoseisuta toote tarneaeg olla kuni 5 n\u00e4dalat.<\/span> <span class=\"x4k7w5x x1h91t0o x1h9r5lt x1jfb8zj xv2umb2 x1beo9mf xaigb6o x12ejxvf x3igimt xarpa2k xedcshv x1lytzrv x1t2pt76 x7ja8zs x1qrby5j\">T\u00e4psema tarneaja saamiseks palun v\u00f5ta minuga \u00fchendust.<\/span><\/p>\n","protected":false},"excerpt":{"rendered":"<p>M\u00f5mmimotiiviga makramee seinaehe on suurep\u00e4rane lisand igale lastetoale. See lisab ruumile hubasust, loob l\u00f5busa ja kaasahaarava \u00f5hkkonna ning r\u00f5hutab Sinu lapse toa isikup\u00e4ra. See k\u00e4sitsi valmistatud makramee seinakaunistus on valmistatud 100% taaskasutatud puuvillast, mis r\u00f5hutab meie p\u00fchendumust keskkonnas\u00f5bralikkusele ja j\u00e4tkusuutlikkusele. M\u00f5\u00f5dud: 22 x 21 cm. Makramee seinaehe on m\u00f5eldud eelk\u00f5ige [&hellip;]<\/p>\n","protected":false},"featured_media":4151,"comment_status":"open","ping_status":"closed","template":"","meta":[],"product_brand":[],"product_cat":[15],"product_tag":[],"class_list":{"0":"post-4142","1":"product","2":"type-product","3":"status-publish","4":"has-post-thumbnail","6":"product_cat-uncategorized","8":"first","9":"onbackorder","10":"shipping-taxable","11":"purchasable","12":"product-type-simple"},"_links":{"self":[{"href":"https:\/\/kinevo.ee\/en\/wp-json\/wp\/v2\/product\/4142","targetHints":{"allow":["GET"]}}],"collection":[{"href":"https:\/\/kinevo.ee\/en\/wp-json\/wp\/v2\/product"}],"about":[{"href":"https:\/\/kinevo.ee\/en\/wp-json\/wp\/v2\/types\/product"}],"replies":[{"embeddable":true,"href":"https:\/\/kinevo.ee\/en\/wp-json\/wp\/v2\/comments?post=4142"}],"wp:featuredmedia":[{"embeddable":true,"href":"https:\/\/kinevo.ee\/en\/wp-json\/wp\/v2\/media\/4151"}],"wp:attachment":[{"href":"https:\/\/kinevo.ee\/en\/wp-json\/wp\/v2\/media?parent=4142"}],"wp:term":[{"taxonomy":"product_brand","embeddable":true,"href":"https:\/\/kinevo.ee\/en\/wp-json\/wp\/v2\/product_brand?post=4142"},{"taxonomy":"product_cat","embeddable":true,"href":"https:\/\/kinevo.ee\/en\/wp-json\/wp\/v2\/product_cat?post=4142"},{"taxonomy":"product_tag","embeddable":true,"href":"https:\/\/kinevo.ee\/en\/wp-json\/wp\/v2\/product_tag?post=4142"}],"curies":[{"name":"wp","href":"https:\/\/api.w.org\/{rel}","templated":true}]}}