{"id":4138,"date":"2023-03-03T22:43:29","date_gmt":"2023-03-03T20:43:29","guid":{"rendered":"https:\/\/kinevo.ee\/?post_type=product&#038;p=4138"},"modified":"2024-07-03T17:48:03","modified_gmt":"2024-07-03T15:48:03","slug":"makramee-seinaehe-ingli-tiivad-roosa-kvartsiga","status":"publish","type":"product","link":"https:\/\/kinevo.ee\/en\/product\/makramee-seinaehe-ingli-tiivad-roosa-kvartsiga\/","title":{"rendered":"Makramee seinaehe &#8220;Ingli tiivad&#8221; roosa kvartsiga"},"content":{"rendered":"<p>Makramee inglitiibade seinaehe roosa kvartsiga &#8211; seinakaunistus, mis lisab Su kodu interj\u00f6\u00f6ri maagiat ja \u00f5rnust.<\/p>\n<p>Inglitiibade detailid on \u00f5rnad ja t\u00e4helepanuv\u00e4\u00e4rsed, andes seinaehtele ilusa visuaalse efekti. Roosa kvarts, rippudes kahe tiiva vahel, lisab \u00f5rna ja armastust t\u00e4is energiat.<\/p>\n<p>Makramee seinaehe on valmistatud kvaliteetsest 100% taaskasutatud puuvillast, mis tagab vastupidavuse ja vastutustundliku valiku.<\/p>\n<p>Pikkus: 70cm, laius: 38cm.<\/p>\n<p><span class=\"x4k7w5x x1h91t0o x1h9r5lt x1jfb8zj xv2umb2 x1beo9mf xaigb6o x12ejxvf x3igimt xarpa2k xedcshv x1lytzrv x1t2pt76 x7ja8zs x1qrby5j\">Kuna toode valmistatakse k\u00e4sit\u00f6\u00f6na, siis v\u00f5ib laoseisuta toote tarneaeg olla kuni 5 n\u00e4dalat.<\/span> <span class=\"x4k7w5x x1h91t0o x1h9r5lt x1jfb8zj xv2umb2 x1beo9mf xaigb6o x12ejxvf x3igimt xarpa2k xedcshv x1lytzrv x1t2pt76 x7ja8zs x1qrby5j\">T\u00e4psema tarneaja saamiseks palun v\u00f5ta minuga \u00fchendust.<\/span><\/p>\n<p>&nbsp;<\/p>\n","protected":false},"excerpt":{"rendered":"<p>Makramee inglitiibade seinaehe roosa kvartsiga &#8211; seinakaunistus, mis lisab Su kodu interj\u00f6\u00f6ri maagiat ja \u00f5rnust. Inglitiibade detailid on \u00f5rnad ja t\u00e4helepanuv\u00e4\u00e4rsed, andes seinaehtele ilusa visuaalse efekti. Roosa kvarts, rippudes kahe tiiva vahel, lisab \u00f5rna ja armastust t\u00e4is energiat. Makramee seinaehe on valmistatud kvaliteetsest 100% taaskasutatud puuvillast, mis tagab vastupidavuse ja [&hellip;]<\/p>\n","protected":false},"featured_media":4157,"comment_status":"open","ping_status":"closed","template":"","meta":[],"product_brand":[],"product_cat":[15],"product_tag":[],"class_list":{"0":"post-4138","1":"product","2":"type-product","3":"status-publish","4":"has-post-thumbnail","6":"product_cat-uncategorized","8":"first","9":"onbackorder","10":"shipping-taxable","11":"purchasable","12":"product-type-simple"},"_links":{"self":[{"href":"https:\/\/kinevo.ee\/en\/wp-json\/wp\/v2\/product\/4138","targetHints":{"allow":["GET"]}}],"collection":[{"href":"https:\/\/kinevo.ee\/en\/wp-json\/wp\/v2\/product"}],"about":[{"href":"https:\/\/kinevo.ee\/en\/wp-json\/wp\/v2\/types\/product"}],"replies":[{"embeddable":true,"href":"https:\/\/kinevo.ee\/en\/wp-json\/wp\/v2\/comments?post=4138"}],"wp:featuredmedia":[{"embeddable":true,"href":"https:\/\/kinevo.ee\/en\/wp-json\/wp\/v2\/media\/4157"}],"wp:attachment":[{"href":"https:\/\/kinevo.ee\/en\/wp-json\/wp\/v2\/media?parent=4138"}],"wp:term":[{"taxonomy":"product_brand","embeddable":true,"href":"https:\/\/kinevo.ee\/en\/wp-json\/wp\/v2\/product_brand?post=4138"},{"taxonomy":"product_cat","embeddable":true,"href":"https:\/\/kinevo.ee\/en\/wp-json\/wp\/v2\/product_cat?post=4138"},{"taxonomy":"product_tag","embeddable":true,"href":"https:\/\/kinevo.ee\/en\/wp-json\/wp\/v2\/product_tag?post=4138"}],"curies":[{"name":"wp","href":"https:\/\/api.w.org\/{rel}","templated":true}]}}