{"id":4137,"date":"2023-02-26T17:45:07","date_gmt":"2023-02-26T15:45:07","guid":{"rendered":"https:\/\/kinevo.ee\/?post_type=product&#038;p=4137"},"modified":"2025-04-05T22:11:10","modified_gmt":"2025-04-05T20:11:10","slug":"makramee-seinaehe-mandala-peegel","status":"publish","type":"product","link":"https:\/\/kinevo.ee\/en\/product\/makramee-seinaehe-mandala-peegel\/","title":{"rendered":"Makramee mandala-peegel"},"content":{"rendered":"<div class=\"flex flex-grow flex-col gap-3\">\n<div class=\"min-h-[20px] flex flex-col items-start gap-4 whitespace-pre-wrap break-words\">\n<div class=\"markdown prose w-full break-words dark:prose-invert light\">\n<p>Makrameepunutisega peegel \u2013 lisa oma kodu sisekujundusele boheemlaslikku v\u00f5lu ja hubasust.<\/p>\n<p>Makramee peegel sobib suurep\u00e4raselt elutuppa, magamistuppa, koridori v\u00f5i igasse teise ruumi, kus soovid lisada looduslikku ja boheemlaslikku stiili. Peegel peegeldab valgust ja loob visuaalset avardumist, samal ajal kui makrameepunutis lisab soojust ja tekstuuri.<\/p>\n<\/div>\n<\/div>\n<\/div>\n<p>Makrameepunutis on valmistatud 100% taaskasutatud puuvillast. M\u00f5\u00f5dud: 31 x 31cm.<\/p>\n<p><span class=\"x4k7w5x x1h91t0o x1h9r5lt x1jfb8zj xv2umb2 x1beo9mf xaigb6o x12ejxvf x3igimt xarpa2k xedcshv x1lytzrv x1t2pt76 x7ja8zs x1qrby5j\">Kuna toode valmistatakse k\u00e4sit\u00f6\u00f6na, siis v\u00f5ib laoseisuta toote tarneaeg olla kuni 5 n\u00e4dalat.<\/span> <span class=\"x4k7w5x x1h91t0o x1h9r5lt x1jfb8zj xv2umb2 x1beo9mf xaigb6o x12ejxvf x3igimt xarpa2k xedcshv x1lytzrv x1t2pt76 x7ja8zs x1qrby5j\">T\u00e4psema tarneaja saamiseks palun v\u00f5ta minuga \u00fchendust.<\/span><\/p>\n<p>\u00a0<\/p>\n<p>\u00a0<\/p>\n","protected":false},"excerpt":{"rendered":"<p>Makrameepunutisega peegel \u2013 lisa oma kodu sisekujundusele boheemlaslikku v\u00f5lu ja hubasust. Makramee peegel sobib suurep\u00e4raselt elutuppa, magamistuppa, koridori v\u00f5i igasse teise ruumi, kus soovid lisada looduslikku ja boheemlaslikku stiili. Peegel peegeldab valgust ja loob visuaalset avardumist, samal ajal kui makrameepunutis lisab soojust ja tekstuuri. Makrameepunutis on valmistatud 100% taaskasutatud puuvillast. [&hellip;]<\/p>\n","protected":false},"featured_media":4145,"comment_status":"open","ping_status":"closed","template":"","meta":[],"product_brand":[],"product_cat":[15],"product_tag":[],"class_list":{"0":"post-4137","1":"product","2":"type-product","3":"status-publish","4":"has-post-thumbnail","6":"product_cat-uncategorized","8":"first","9":"instock","10":"shipping-taxable","11":"purchasable","12":"product-type-simple"},"_links":{"self":[{"href":"https:\/\/kinevo.ee\/en\/wp-json\/wp\/v2\/product\/4137","targetHints":{"allow":["GET"]}}],"collection":[{"href":"https:\/\/kinevo.ee\/en\/wp-json\/wp\/v2\/product"}],"about":[{"href":"https:\/\/kinevo.ee\/en\/wp-json\/wp\/v2\/types\/product"}],"replies":[{"embeddable":true,"href":"https:\/\/kinevo.ee\/en\/wp-json\/wp\/v2\/comments?post=4137"}],"wp:featuredmedia":[{"embeddable":true,"href":"https:\/\/kinevo.ee\/en\/wp-json\/wp\/v2\/media\/4145"}],"wp:attachment":[{"href":"https:\/\/kinevo.ee\/en\/wp-json\/wp\/v2\/media?parent=4137"}],"wp:term":[{"taxonomy":"product_brand","embeddable":true,"href":"https:\/\/kinevo.ee\/en\/wp-json\/wp\/v2\/product_brand?post=4137"},{"taxonomy":"product_cat","embeddable":true,"href":"https:\/\/kinevo.ee\/en\/wp-json\/wp\/v2\/product_cat?post=4137"},{"taxonomy":"product_tag","embeddable":true,"href":"https:\/\/kinevo.ee\/en\/wp-json\/wp\/v2\/product_tag?post=4137"}],"curies":[{"name":"wp","href":"https:\/\/api.w.org\/{rel}","templated":true}]}}