{"id":4073,"date":"2023-02-10T22:34:30","date_gmt":"2023-02-10T20:34:30","guid":{"rendered":"https:\/\/kinevo.ee\/?post_type=product&#038;p=4073"},"modified":"2024-07-03T17:48:03","modified_gmt":"2024-07-03T15:48:03","slug":"makramee-lillehoidja-must-valge","status":"publish","type":"product","link":"https:\/\/kinevo.ee\/en\/product\/makramee-lillehoidja-must-valge\/","title":{"rendered":"Makramee lillehoidja must-valge"},"content":{"rendered":"<div class=\"description-inner\">\n<p>Makramee lillekiik \u2013 see k\u00e4sit\u00f6\u00f6na valmistatud aksessuaar lisab \u00f5rnust ja v\u00f5lu Sinu interj\u00f6\u00f6ri ning pakub ainulaadset v\u00f5imalust oma lemmiklilledele erilise paiga loomiseks.<\/p>\n<p>Lillekiige riputamisel on mitmeid v\u00f5imalusi \u2013 seda saab riputada lakke, kardinapuu k\u00fclge v\u00f5i muule sobivale kinnitusvahendile.<\/p>\n<p>Meie makramee lillekiik on valmistatud kvaliteetsest 100% taaskasutatud puuvillast, mis tagab selle vastupidavuse ja vastutustundliku valiku.<\/p>\n<p>Pikkus (koos potiga) ca 99cm, sobib keskmisele potile (\u00fcmberm\u00f5\u00f5duga ~40cm).<\/p>\n<\/div>\n","protected":false},"excerpt":{"rendered":"<p>Makramee lillekiik \u2013 see k\u00e4sit\u00f6\u00f6na valmistatud aksessuaar lisab \u00f5rnust ja v\u00f5lu Sinu interj\u00f6\u00f6ri ning pakub ainulaadset v\u00f5imalust oma lemmiklilledele erilise paiga loomiseks. Lillekiige riputamisel on mitmeid v\u00f5imalusi \u2013 seda saab riputada lakke, kardinapuu k\u00fclge v\u00f5i muule sobivale kinnitusvahendile. Meie makramee lillekiik on valmistatud kvaliteetsest 100% taaskasutatud puuvillast, mis tagab selle [&hellip;]<\/p>\n","protected":false},"featured_media":4079,"comment_status":"open","ping_status":"closed","template":"","meta":[],"product_brand":[],"product_cat":[15],"product_tag":[],"class_list":{"0":"post-4073","1":"product","2":"type-product","3":"status-publish","4":"has-post-thumbnail","6":"product_cat-uncategorized","8":"first","9":"instock","10":"shipping-taxable","11":"purchasable","12":"product-type-simple"},"_links":{"self":[{"href":"https:\/\/kinevo.ee\/en\/wp-json\/wp\/v2\/product\/4073","targetHints":{"allow":["GET"]}}],"collection":[{"href":"https:\/\/kinevo.ee\/en\/wp-json\/wp\/v2\/product"}],"about":[{"href":"https:\/\/kinevo.ee\/en\/wp-json\/wp\/v2\/types\/product"}],"replies":[{"embeddable":true,"href":"https:\/\/kinevo.ee\/en\/wp-json\/wp\/v2\/comments?post=4073"}],"wp:featuredmedia":[{"embeddable":true,"href":"https:\/\/kinevo.ee\/en\/wp-json\/wp\/v2\/media\/4079"}],"wp:attachment":[{"href":"https:\/\/kinevo.ee\/en\/wp-json\/wp\/v2\/media?parent=4073"}],"wp:term":[{"taxonomy":"product_brand","embeddable":true,"href":"https:\/\/kinevo.ee\/en\/wp-json\/wp\/v2\/product_brand?post=4073"},{"taxonomy":"product_cat","embeddable":true,"href":"https:\/\/kinevo.ee\/en\/wp-json\/wp\/v2\/product_cat?post=4073"},{"taxonomy":"product_tag","embeddable":true,"href":"https:\/\/kinevo.ee\/en\/wp-json\/wp\/v2\/product_tag?post=4073"}],"curies":[{"name":"wp","href":"https:\/\/api.w.org\/{rel}","templated":true}]}}