{"id":3969,"date":"2022-12-09T23:56:08","date_gmt":"2022-12-09T21:56:08","guid":{"rendered":"https:\/\/kinevo.ee\/?post_type=product&#038;p=3969"},"modified":"2024-07-03T17:48:34","modified_gmt":"2024-07-03T15:48:34","slug":"makramee-ehe-inglike","status":"publish","type":"product","link":"https:\/\/kinevo.ee\/en\/product\/makramee-ehe-inglike\/","title":{"rendered":"Makramee ehe &#8220;Inglike&#8221;"},"content":{"rendered":"<p>K\u00e4sit\u00f6\u00f6na valminud Inglike.<\/p>\n<p>See toode on valmistatud 100% taaskasutatud puuvillast.<\/p>\n","protected":false},"excerpt":{"rendered":"<p>K\u00e4sit\u00f6\u00f6na valminud Inglike. See toode on valmistatud 100% taaskasutatud puuvillast.<\/p>\n","protected":false},"featured_media":3972,"comment_status":"open","ping_status":"closed","template":"","meta":[],"product_brand":[],"product_cat":[15],"product_tag":[],"class_list":{"0":"post-3969","1":"product","2":"type-product","3":"status-publish","4":"has-post-thumbnail","6":"product_cat-uncategorized","8":"first","9":"instock","10":"shipping-taxable","11":"purchasable","12":"product-type-simple"},"_links":{"self":[{"href":"https:\/\/kinevo.ee\/en\/wp-json\/wp\/v2\/product\/3969","targetHints":{"allow":["GET"]}}],"collection":[{"href":"https:\/\/kinevo.ee\/en\/wp-json\/wp\/v2\/product"}],"about":[{"href":"https:\/\/kinevo.ee\/en\/wp-json\/wp\/v2\/types\/product"}],"replies":[{"embeddable":true,"href":"https:\/\/kinevo.ee\/en\/wp-json\/wp\/v2\/comments?post=3969"}],"wp:featuredmedia":[{"embeddable":true,"href":"https:\/\/kinevo.ee\/en\/wp-json\/wp\/v2\/media\/3972"}],"wp:attachment":[{"href":"https:\/\/kinevo.ee\/en\/wp-json\/wp\/v2\/media?parent=3969"}],"wp:term":[{"taxonomy":"product_brand","embeddable":true,"href":"https:\/\/kinevo.ee\/en\/wp-json\/wp\/v2\/product_brand?post=3969"},{"taxonomy":"product_cat","embeddable":true,"href":"https:\/\/kinevo.ee\/en\/wp-json\/wp\/v2\/product_cat?post=3969"},{"taxonomy":"product_tag","embeddable":true,"href":"https:\/\/kinevo.ee\/en\/wp-json\/wp\/v2\/product_tag?post=3969"}],"curies":[{"name":"wp","href":"https:\/\/api.w.org\/{rel}","templated":true}]}}