{"id":3676,"date":"2021-03-21T17:01:20","date_gmt":"2021-03-21T14:01:20","guid":{"rendered":"https:\/\/kinevo.ee\/?post_type=product&#038;p=3676"},"modified":"2024-07-03T17:48:35","modified_gmt":"2024-07-03T15:48:35","slug":"votmehoidja-spiraal","status":"publish","type":"product","link":"https:\/\/kinevo.ee\/en\/product\/votmehoidja-spiraal\/","title":{"rendered":"V\u00f5tmehoidja &#8220;Spiraal&#8221;"},"content":{"rendered":"<p>Meie wristletid on loodud mugavaks igap\u00e4evaseks kasutmiseks. Nende disain v\u00f5imaldab Sul neid kergesti panna k\u00e4e\u00fcmber, kui su k\u00e4ed on kotte v\u00f5i muid esemeid t\u00e4is. Nii saad hoida oma v\u00f5tmeid alati k\u00e4ep\u00e4rast.<\/p>\n<p>Saadaval laias valikus v\u00e4rvitoone, v\u00f5imaldades Sul leida just endale sobiva stiili ja v\u00e4ljendada oma isikup\u00e4ra.<\/p>\n<p>Valmistatud 100% taaskasutatud puuvillast \u2013 wristletid on vastupidavad ja keskkonnas\u00f5bralikud. Pikkus ilma pandlata ca 14cm.<\/p>\n","protected":false},"excerpt":{"rendered":"<p>Meie wristletid on loodud mugavaks igap\u00e4evaseks kasutmiseks. Nende disain v\u00f5imaldab Sul neid kergesti panna k\u00e4e\u00fcmber, kui su k\u00e4ed on kotte v\u00f5i muid esemeid t\u00e4is. Nii saad hoida oma v\u00f5tmeid alati k\u00e4ep\u00e4rast. Saadaval laias valikus v\u00e4rvitoone, v\u00f5imaldades Sul leida just endale sobiva stiili ja v\u00e4ljendada oma isikup\u00e4ra. Valmistatud 100% taaskasutatud puuvillast [&hellip;]<\/p>\n","protected":false},"featured_media":3753,"comment_status":"open","ping_status":"closed","template":"","meta":[],"product_brand":[],"product_cat":[15],"product_tag":[],"class_list":{"0":"post-3676","1":"product","2":"type-product","3":"status-publish","4":"has-post-thumbnail","6":"product_cat-uncategorized","8":"first","9":"instock","10":"shipping-taxable","11":"purchasable","12":"product-type-variable"},"_links":{"self":[{"href":"https:\/\/kinevo.ee\/en\/wp-json\/wp\/v2\/product\/3676","targetHints":{"allow":["GET"]}}],"collection":[{"href":"https:\/\/kinevo.ee\/en\/wp-json\/wp\/v2\/product"}],"about":[{"href":"https:\/\/kinevo.ee\/en\/wp-json\/wp\/v2\/types\/product"}],"replies":[{"embeddable":true,"href":"https:\/\/kinevo.ee\/en\/wp-json\/wp\/v2\/comments?post=3676"}],"wp:featuredmedia":[{"embeddable":true,"href":"https:\/\/kinevo.ee\/en\/wp-json\/wp\/v2\/media\/3753"}],"wp:attachment":[{"href":"https:\/\/kinevo.ee\/en\/wp-json\/wp\/v2\/media?parent=3676"}],"wp:term":[{"taxonomy":"product_brand","embeddable":true,"href":"https:\/\/kinevo.ee\/en\/wp-json\/wp\/v2\/product_brand?post=3676"},{"taxonomy":"product_cat","embeddable":true,"href":"https:\/\/kinevo.ee\/en\/wp-json\/wp\/v2\/product_cat?post=3676"},{"taxonomy":"product_tag","embeddable":true,"href":"https:\/\/kinevo.ee\/en\/wp-json\/wp\/v2\/product_tag?post=3676"}],"curies":[{"name":"wp","href":"https:\/\/api.w.org\/{rel}","templated":true}]}}